{"id":1401,"date":"2024-08-25T00:09:49","date_gmt":"2024-08-25T00:09:49","guid":{"rendered":"https:\/\/iramedlogistics.com\/fr\/about-us\/"},"modified":"2024-11-03T06:36:48","modified_gmt":"2024-11-03T06:36:48","slug":"about-us","status":"publish","type":"page","link":"https:\/\/iramedlogistics.com\/fr\/about-us\/","title":{"rendered":"\u00c0 Propos"},"content":{"rendered":"\n<div class=\"wp-block-uagb-container uagb-block-4c3875af alignfull uagb-is-root-container\"><div class=\"uagb-container-inner-blocks-wrap\">\n<div class=\"wp-block-uagb-advanced-heading uagb-block-36237826\"><h1 class=\"uagb-heading-text\"><strong>Renforcer la Logistique Mondiale<\/strong><\/h1><\/div>\n<\/div><\/div>\n\n\n\n<div class=\"wp-block-uagb-container uagb-block-5cf03063 alignfull uagb-is-root-container\"><div class=\"uagb-container-inner-blocks-wrap\">\n<div class=\"wp-block-columns is-layout-flex wp-container-core-columns-is-layout-28f84493 wp-block-columns-is-layout-flex\">\n<div class=\"wp-block-column is-layout-flow wp-block-column-is-layout-flow\" style=\"flex-basis:100%\">\n<div class=\"wp-block-uagb-image aligncenter uagb-block-6d75d68d wp-block-uagb-image--layout-default wp-block-uagb-image--effect-static wp-block-uagb-image--align-center\"><figure class=\"wp-block-uagb-image__figure\"><img decoding=\"async\" srcset=\"https:\/\/iramedlogistics.com\/fr\/wp-content\/uploads\/2024\/08\/pexels-photo-3057963.jpeg , https:\/\/iramedlogistics.com\/fr\/wp-content\/uploads\/2024\/08\/pexels-photo-3057963.jpeg 360w\" sizes=\"auto, (max-width: 480px) 150px\" src=\"https:\/\/iramedlogistics.com\/fr\/wp-content\/uploads\/2024\/08\/pexels-photo-3057963.jpeg\" alt=\"\" class=\"uag-image-23\" width=\"575\" height=\"480\" title=\"\" loading=\"lazy\" role=\"img\"\/><\/figure><\/div>\n\n\n\n<hr class=\"wp-block-separator has-alpha-channel-opacity\"\/>\n\n\n\n<div class=\"wp-block-uagb-image aligncenter uagb-block-fe7f0311 wp-block-uagb-image--layout-default wp-block-uagb-image--effect-static wp-block-uagb-image--align-center\"><figure class=\"wp-block-uagb-image__figure\"><img decoding=\"async\" srcset=\"https:\/\/iramedlogistics.com\/fr\/wp-content\/uploads\/2024\/08\/pexels-photo-1117210-1024x682.jpeg ,https:\/\/iramedlogistics.com\/fr\/wp-content\/uploads\/2024\/08\/pexels-photo-1117210.jpeg 780w, https:\/\/iramedlogistics.com\/fr\/wp-content\/uploads\/2024\/08\/pexels-photo-1117210.jpeg 360w\" sizes=\"auto, (max-width: 480px) 150px\" src=\"https:\/\/iramedlogistics.com\/fr\/wp-content\/uploads\/2024\/08\/pexels-photo-1117210-1024x682.jpeg\" alt=\"Green and Gray Evergreen Cargo Ship\" class=\"uag-image-16\" width=\"575\" height=\"480\" title=\"pexels-photo-1117210\" loading=\"lazy\" role=\"img\"\/><\/figure><\/div>\n\n\n\n<hr class=\"wp-block-separator has-alpha-channel-opacity\"\/>\n\n\n\n<div class=\"wp-block-uagb-image aligncenter uagb-block-db0252db wp-block-uagb-image--layout-default wp-block-uagb-image--effect-static wp-block-uagb-image--align-center\"><figure class=\"wp-block-uagb-image__figure\"><img decoding=\"async\" srcset=\"https:\/\/iramedlogistics.com\/fr\/wp-content\/uploads\/2024\/08\/pexels-photo-3076002-1024x698.jpeg ,https:\/\/iramedlogistics.com\/fr\/wp-content\/uploads\/2024\/08\/pexels-photo-3076002.jpeg 780w, https:\/\/iramedlogistics.com\/fr\/wp-content\/uploads\/2024\/08\/pexels-photo-3076002.jpeg 360w\" sizes=\"auto, (max-width: 480px) 150px\" src=\"https:\/\/iramedlogistics.com\/fr\/wp-content\/uploads\/2024\/08\/pexels-photo-3076002-1024x698.jpeg\" alt=\"Jakarta International Container Terminal\" class=\"uag-image-19\" width=\"575\" height=\"480\" title=\"pexels-photo-3076002\" loading=\"lazy\" role=\"img\"\/><\/figure><\/div>\n<\/div>\n<\/div>\n\n\n\n<div class=\"wp-block-uagb-container uagb-block-05150e62\">\n<div class=\"wp-block-uagb-advanced-heading uagb-block-b0bb1952\"><div class=\"uagb-heading-text\"><strong>Logistique Authentique<\/strong><\/div><\/div>\n\n\n\n<div class=\"wp-block-uagb-advanced-heading uagb-block-a2b3848d\"><h2 class=\"uagb-heading-text\"><strong>\u00c0 Propos de Notre Entreprise<\/strong><\/h2><p class=\"uagb-desc-text\"> <br>  <strong>IRAMED LOGISTICS : Agence Leader en Solutions de Transport Int\u00e9gr\u00e9es<\/strong><br>IRAMED LOGISTICS est une agence de premier plan sp\u00e9cialis\u00e9e dans les solutions de transport int\u00e9gr\u00e9es, reconnue pour sa pr\u00e9cision et son engagement envers des services sur mesure. Situ\u00e9s \u00e0 Tanger-M\u00e9dina, au Maroc, nous r\u00e9pondons efficacement aux besoins vari\u00e9s en mati\u00e8re de logistique.<br>En tant qu\u2019entreprise dynamique ax\u00e9e sur la performance, nous sommes experts en exp\u00e9dition de fret, transport, gestion logistique, manutention, op\u00e9rations de levage et d\u00e9douanement. Notre approche proactive nous permet de cr\u00e9er des strat\u00e9gies personnalis\u00e9es pour des clients dans des secteurs tels que l&#8217;\u00e9nergie, les mines, la construction, les ressources en eau, et le p\u00e9trole et le gaz\u2014m\u00eame dans les zones recul\u00e9es du monde.<br>En tant que prestataire 3PL et 4PL, IRAMED LOGISTICS agit en tant qu\u2019\u00ab architecte de transport \u00bb, offrant des solutions innovantes con\u00e7ues pour enrichir nos services tout en r\u00e9pondant aux besoins sp\u00e9cifiques de nos clients.<br>\u00a0 <br><strong>Vision &amp; Strat\u00e9gie<\/strong><\/p><\/div>\n\n\n\n<ul class=\"wp-block-list\">\n<li>Leadership\n<ul class=\"wp-block-list\">\n<li>Expertise \u00e9tablie et exp\u00e9rience solide<\/li>\n\n\n\n<li>D\u00e9termination, comp\u00e9tence et engagement<\/li>\n\n\n\n<li>Objectifs de rentabilit\u00e9 combin\u00e9s \u00e0 la pers\u00e9v\u00e9rance<\/li>\n\n\n\n<li>Int\u00e9grit\u00e9 dans toutes les relations d&#8217;affaires<\/li>\n\n\n\n<li>Enthousiasme et \u00e9nergie<\/li>\n\n\n\n<li>Processus simplifi\u00e9s avec un minimum de bureaucratie<\/li>\n<\/ul>\n<\/li>\n\n\n\n<li>Qualit\u00e9 des Relations\n<ul class=\"wp-block-list\">\n<li>Communication directe et personnalis\u00e9e avec toutes les parties prenantes<\/li>\n\n\n\n<li>Engagement respectueux et ouvert<\/li>\n\n\n\n<li>Approche collaborative<\/li>\n<\/ul>\n<\/li>\n\n\n\n<li>Organisation :\n<ul class=\"wp-block-list\">\n<li>Un vaste r\u00e9seau international d\u2019agents<\/li>\n\n\n\n<li>Orientation client pour un service personnalis\u00e9<\/li>\n\n\n\n<li>Solutions optimales adapt\u00e9es aux besoins individuels<\/li>\n\n\n\n<li>Flexibilit\u00e9 pour r\u00e9pondre \u00e0 des demandes vari\u00e9es<\/li>\n<\/ul>\n<\/li>\n<\/ul>\n\n\n\n<ul class=\"wp-block-list\">\n<li>Performance :\n<ul class=\"wp-block-list\">\n<li>Utilisation efficace des ressources<\/li>\n\n\n\n<li>D\u00e9vouement \u00e0 la r\u00e9ussite<\/li>\n\n\n\n<li>R\u00e9ponses sur mesure aux besoins sp\u00e9cifiques<\/li>\n\n\n\n<li>Offrir le meilleur rapport qualit\u00e9-prix<\/li>\n<\/ul>\n<\/li>\n<\/ul>\n<\/div>\n<\/div><\/div>\n\n\n\n<div class=\"wp-block-uagb-container uagb-block-edae5b83 alignfull uagb-is-root-container\"><div class=\"uagb-container-inner-blocks-wrap\">\n<div class=\"wp-block-uagb-advanced-heading uagb-block-64726181\"><div class=\"uagb-heading-text\"><strong>Valeurs Fondamentales<\/strong><\/div><\/div>\n\n\n\n<div class=\"wp-block-uagb-advanced-heading uagb-block-92588f0c\"><h2 class=\"uagb-heading-text\"><strong>Notre Engagement envers l&#8217;Excellence<\/strong><\/h2><\/div>\n\n\n\n<div class=\"wp-block-uagb-image aligncenter uagb-block-37f6c2f8 wp-block-uagb-image--layout-default wp-block-uagb-image--effect-static wp-block-uagb-image--align-center\"><figure class=\"wp-block-uagb-image__figure\"><img decoding=\"async\" srcset=\"https:\/\/iramedlogistics.com\/fr\/wp-content\/uploads\/2024\/08\/pexels-photo-906982.jpeg ,https:\/\/iramedlogistics.com\/fr\/wp-content\/uploads\/2024\/08\/pexels-photo-906982.jpeg 780w\" sizes=\"auto, (max-width: 480px) 150px\" src=\"https:\/\/iramedlogistics.com\/fr\/wp-content\/uploads\/2024\/08\/pexels-photo-906982.jpeg\" alt=\"\" class=\"uag-image-9\" width=\"1200\" height=\"430\" title=\"\" loading=\"lazy\" role=\"img\"\/><\/figure><\/div>\n\n\n\n<div class=\"wp-block-uagb-container uagb-block-0f0fe2b0\">\n<div class=\"wp-block-uagb-advanced-heading uagb-block-a7766e3a\"><h3 class=\"uagb-heading-text\"><strong>Fiabilit\u00e9<\/strong><\/h3><p class=\"uagb-desc-text\"><strong>Nous b\u00e2tissons la confiance gr\u00e2ce \u00e0 un service constant et fiable, garantissant \u00e0 nos clients qu&#8217;ils peuvent compter sur nous pour leurs besoins logistiques.<\/strong><\/p><\/div>\n\n\n\n<div class=\"wp-block-uagb-advanced-heading uagb-block-b78816fa\"><h3 class=\"uagb-heading-text\"><strong>Pr\u00e9cision<\/strong><\/h3><p class=\"uagb-desc-text\"><strong>Avec un souci du d\u00e9tail, nous ex\u00e9cutons des solutions logistiques avec pr\u00e9cision et efficacit\u00e9, respectant les normes les plus \u00e9lev\u00e9es de l&#8217;industrie.<\/strong><\/p><\/div>\n\n\n\n<div class=\"wp-block-uagb-advanced-heading uagb-block-a5c64964\"><h3 class=\"uagb-heading-text\">Innovation<\/h3><p class=\"uagb-desc-text\"><strong>Nous adoptons des technologies de pointe et des approches cr\u00e9atives pour am\u00e9liorer et optimiser en permanence nos services logistiques.<\/strong><\/p><\/div>\n<\/div>\n<\/div><\/div>\n\n\n\n<div class=\"wp-block-uagb-container uagb-block-9caa1a47 alignfull uagb-is-root-container\"><div class=\"uagb-container-inner-blocks-wrap\">\n<div class=\"wp-block-uagb-advanced-heading uagb-block-1ed0e64e\"><div class=\"uagb-heading-text\"><strong>Transformez Votre Logistique<\/strong><\/div><\/div>\n\n\n\n<div class=\"wp-block-uagb-advanced-heading uagb-block-3a57683f\"><h2 class=\"uagb-heading-text\"><strong>Am\u00e9liorez Votre Logistique avec IRAMED D\u00c8S AUJOURD&#8217;HUI<\/strong><\/h2><\/div>\n\n\n\n<div class=\"wp-block-uagb-buttons uagb-buttons__outer-wrap uagb-btn__default-btn uagb-btn-tablet__default-btn uagb-btn-mobile__default-btn uagb-block-9979be0d\"><div class=\"uagb-buttons__wrap uagb-buttons-layout-wrap \">\n<div class=\"wp-block-uagb-buttons-child uagb-buttons__outer-wrap uagb-block-84fd34e5 wp-block-button\"><div class=\"uagb-button__wrapper\"><a class=\"uagb-buttons-repeater wp-block-button__link\" aria-label=\"\" href=\"\/contact\/\" rel=\"follow noopener\" target=\"_self\" role=\"button\"><div class=\"uagb-button__link\">Explorez Maintenant<\/div><\/a><\/div><\/div>\n<\/div><\/div>\n\n\n\n<div class=\"wp-block-uagb-advanced-heading uagb-block-838a0a13\"><div class=\"uagb-separator\"><\/div><h3 class=\"uagb-heading-text\"><strong>Consultation Gratuite ? +212-663-271-426<\/strong><\/h3><\/div>\n<\/div><\/div>\n","protected":false},"excerpt":{"rendered":"<p>Renforcer la Logistique Mondiale Logistique Authentique \u00c0 Propos de Notre Entreprise IRAMED LOGISTICS : Agence Leader en Solutions de Transport [&hellip;]<\/p>\n","protected":false},"author":1,"featured_media":0,"parent":0,"menu_order":0,"comment_status":"closed","ping_status":"closed","template":"","meta":{"_siteseo_robots_primary_cat":"","_uag_custom_page_level_css":"","site-sidebar-layout":"no-sidebar","site-content-layout":"plain-container","ast-site-content-layout":"full-width-container","site-content-style":"unboxed","site-sidebar-style":"unboxed","ast-global-header-display":"","ast-banner-title-visibility":"","ast-main-header-display":"","ast-hfb-above-header-display":"","ast-hfb-below-header-display":"","ast-hfb-mobile-header-display":"","site-post-title":"disabled","ast-breadcrumbs-content":"","ast-featured-img":"","footer-sml-layout":"","theme-transparent-header-meta":"","adv-header-id-meta":"","stick-header-meta":"","header-above-stick-meta":"","header-main-stick-meta":"","header-below-stick-meta":"","astra-migrate-meta-layouts":"set","ast-page-background-enabled":"default","ast-page-background-meta":{"desktop":{"background-color":"var(--ast-global-color-4)","background-image":"","background-repeat":"repeat","background-position":"center center","background-size":"auto","background-attachment":"scroll","background-type":"","background-media":"","overlay-type":"","overlay-color":"","overlay-opacity":"","overlay-gradient":""},"tablet":{"background-color":"","background-image":"","background-repeat":"repeat","background-position":"center center","background-size":"auto","background-attachment":"scroll","background-type":"","background-media":"","overlay-type":"","overlay-color":"","overlay-opacity":"","overlay-gradient":""},"mobile":{"background-color":"","background-image":"","background-repeat":"repeat","background-position":"center center","background-size":"auto","background-attachment":"scroll","background-type":"","background-media":"","overlay-type":"","overlay-color":"","overlay-opacity":"","overlay-gradient":""}},"ast-content-background-meta":{"desktop":{"background-color":"var(--ast-global-color-5)","background-image":"","background-repeat":"repeat","background-position":"center center","background-size":"auto","background-attachment":"scroll","background-type":"","background-media":"","overlay-type":"","overlay-color":"","overlay-opacity":"","overlay-gradient":""},"tablet":{"background-color":"var(--ast-global-color-5)","background-image":"","background-repeat":"repeat","background-position":"center center","background-size":"auto","background-attachment":"scroll","background-type":"","background-media":"","overlay-type":"","overlay-color":"","overlay-opacity":"","overlay-gradient":""},"mobile":{"background-color":"var(--ast-global-color-5)","background-image":"","background-repeat":"repeat","background-position":"center center","background-size":"auto","background-attachment":"scroll","background-type":"","background-media":"","overlay-type":"","overlay-color":"","overlay-opacity":"","overlay-gradient":""}},"footnotes":""},"class_list":["post-1401","page","type-page","status-publish","hentry"],"uagb_featured_image_src":{"full":false,"thumbnail":false,"medium":false,"medium_large":false,"large":false,"1536x1536":false,"2048x2048":false},"uagb_author_info":{"display_name":"iramedwp","author_link":"https:\/\/iramedlogistics.com\/fr\/author\/iramedwp\/"},"uagb_comment_info":0,"uagb_excerpt":"Renforcer la Logistique Mondiale Logistique Authentique \u00c0 Propos de Notre Entreprise IRAMED LOGISTICS : Agence Leader en Solutions de Transport [&hellip;]","_links":{"self":[{"href":"https:\/\/iramedlogistics.com\/fr\/wp-json\/wp\/v2\/pages\/1401","targetHints":{"allow":["GET"]}}],"collection":[{"href":"https:\/\/iramedlogistics.com\/fr\/wp-json\/wp\/v2\/pages"}],"about":[{"href":"https:\/\/iramedlogistics.com\/fr\/wp-json\/wp\/v2\/types\/page"}],"author":[{"embeddable":true,"href":"https:\/\/iramedlogistics.com\/fr\/wp-json\/wp\/v2\/users\/1"}],"replies":[{"embeddable":true,"href":"https:\/\/iramedlogistics.com\/fr\/wp-json\/wp\/v2\/comments?post=1401"}],"version-history":[{"count":15,"href":"https:\/\/iramedlogistics.com\/fr\/wp-json\/wp\/v2\/pages\/1401\/revisions"}],"predecessor-version":[{"id":1492,"href":"https:\/\/iramedlogistics.com\/fr\/wp-json\/wp\/v2\/pages\/1401\/revisions\/1492"}],"wp:attachment":[{"href":"https:\/\/iramedlogistics.com\/fr\/wp-json\/wp\/v2\/media?parent=1401"}],"curies":[{"name":"wp","href":"https:\/\/api.w.org\/{rel}","templated":true}]}}