{"id":1402,"date":"2024-08-25T00:09:49","date_gmt":"2024-08-25T00:09:49","guid":{"rendered":"https:\/\/iramedlogistics.com\/fr\/services\/"},"modified":"2024-11-03T06:28:09","modified_gmt":"2024-11-03T06:28:09","slug":"services","status":"publish","type":"page","link":"https:\/\/iramedlogistics.com\/fr\/services\/","title":{"rendered":"Services"},"content":{"rendered":"\n<div class=\"wp-block-uagb-container uagb-block-4c3875af alignfull uagb-is-root-container\"><div class=\"uagb-container-inner-blocks-wrap\">\n<div class=\"wp-block-uagb-advanced-heading uagb-block-36237826\"><h1 class=\"uagb-heading-text\"><strong>Solutions Logistiques Int\u00e9gr\u00e9es<\/strong><\/h1><\/div>\n<\/div><\/div>\n\n\n\n<div class=\"wp-block-uagb-container uagb-block-e7fbe3aa alignfull uagb-is-root-container\"><div class=\"uagb-container-inner-blocks-wrap\">\n<div class=\"wp-block-uagb-container uagb-block-1d616714\">\n<div class=\"wp-block-uagb-advanced-heading uagb-block-4c3562ab\"><div class=\"uagb-heading-text\">01.<\/div><\/div>\n\n\n\n<div class=\"wp-block-uagb-advanced-heading uagb-block-acd47406\"><h2 class=\"uagb-heading-text\">Transport Services<\/h2><\/div>\n<\/div>\n\n\n\n<div class=\"wp-block-uagb-container uagb-block-fedce462\">\n<div class=\"wp-block-uagb-advanced-heading uagb-block-8cc775f5\"><p class=\"uagb-desc-text\"><strong>Nos Services de Transport offrent des solutions efficaces et fiables pour le transport de marchandises tant au niveau national qu&#8217;international. Nous garantissons une livraison ponctuelle et une manipulation s\u00e9curis\u00e9e.<\/strong><\/p><\/div>\n\n\n\n<div class=\"wp-block-uagb-icon-list uagb-block-0d18128b\"><div class=\"uagb-icon-list__wrap\">\n<div class=\"wp-block-uagb-icon-list-child uagb-block-5d2d7d59\"><span class=\"uagb-icon-list__source-wrap\"><svg xmlns=\"https:\/\/www.w3.org\/2000\/svg\" viewBox=\"0 0 256 512\"><path d=\"M118.6 105.4l128 127.1C252.9 239.6 256 247.8 256 255.1s-3.125 16.38-9.375 22.63l-128 127.1c-9.156 9.156-22.91 11.9-34.88 6.943S64 396.9 64 383.1V128c0-12.94 7.781-24.62 19.75-29.58S109.5 96.23 118.6 105.4z\"><\/path><\/svg><\/span><span class=\"uagb-icon-list__label\">1. Gestion de Chantier<\/span><\/div>\n\n\n\n<div class=\"wp-block-uagb-icon-list-child uagb-block-54510f4a\"><span class=\"uagb-icon-list__source-wrap\"><svg xmlns=\"https:\/\/www.w3.org\/2000\/svg\" viewBox=\"0 0 256 512\"><path d=\"M118.6 105.4l128 127.1C252.9 239.6 256 247.8 256 255.1s-3.125 16.38-9.375 22.63l-128 127.1c-9.156 9.156-22.91 11.9-34.88 6.943S64 396.9 64 383.1V128c0-12.94 7.781-24.62 19.75-29.58S109.5 96.23 118.6 105.4z\"><\/path><\/svg><\/span><span class=\"uagb-icon-list__label\">2. Solutions de Livraison Express<\/span><\/div>\n\n\n\n<div class=\"wp-block-uagb-icon-list-child uagb-block-169d7418\"><span class=\"uagb-icon-list__source-wrap\"><svg xmlns=\"https:\/\/www.w3.org\/2000\/svg\" viewBox=\"0 0 256 512\"><path d=\"M118.6 105.4l128 127.1C252.9 239.6 256 247.8 256 255.1s-3.125 16.38-9.375 22.63l-128 127.1c-9.156 9.156-22.91 11.9-34.88 6.943S64 396.9 64 383.1V128c0-12.94 7.781-24.62 19.75-29.58S109.5 96.23 118.6 105.4z\"><\/path><\/svg><\/span><span class=\"uagb-icon-list__label\">3. Transport Temp\u00e9r\u00e9<\/span><\/div>\n<\/div><\/div>\n<\/div>\n\n\n\n<div class=\"wp-block-uagb-container uagb-block-e38d2238\">\n<div class=\"wp-block-uagb-image alignleft uagb-block-2abcf112 wp-block-uagb-image--layout-default wp-block-uagb-image--effect-static wp-block-uagb-image--align-left\"><figure class=\"wp-block-uagb-image__figure\"><img decoding=\"async\" srcset=\"https:\/\/iramedlogistics.com\/fr\/wp-content\/uploads\/2024\/08\/pexels-photo-2199293.jpeg ,https:\/\/iramedlogistics.com\/fr\/wp-content\/uploads\/2024\/08\/pexels-photo-2199293.jpeg 780w, https:\/\/iramedlogistics.com\/fr\/wp-content\/uploads\/2024\/08\/pexels-photo-2199293.jpeg 360w\" sizes=\"auto, (max-width: 480px) 150px\" src=\"https:\/\/iramedlogistics.com\/fr\/wp-content\/uploads\/2024\/08\/pexels-photo-2199293.jpeg\" alt=\"\" class=\"uag-image-18\" width=\"360\" height=\"350\" title=\"\" loading=\"lazy\" role=\"img\"\/><\/figure><\/div>\n<\/div>\n<\/div><\/div>\n\n\n\n<div class=\"wp-block-uagb-container uagb-block-771b341f alignfull uagb-is-root-container\"><div class=\"uagb-container-inner-blocks-wrap\">\n<div class=\"wp-block-uagb-container uagb-block-fcd00e14\">\n<div class=\"wp-block-uagb-advanced-heading uagb-block-07aff4a9\"><div class=\"uagb-heading-text\">02.<\/div><\/div>\n\n\n\n<div class=\"wp-block-uagb-advanced-heading uagb-block-c969af86\"><h2 class=\"uagb-heading-text\"><strong>Gestion de la Cha\u00eene d&#8217;Approvisionnement<\/strong><\/h2><\/div>\n<\/div>\n\n\n\n<div class=\"wp-block-uagb-container uagb-block-df1c0d10\">\n<div class=\"wp-block-uagb-advanced-heading uagb-block-86ccdb5f\"><p class=\"uagb-desc-text\"><strong>Avec un accent sur l&#8217;optimisation de votre cha\u00eene d&#8217;approvisionnement, nos services am\u00e9liorent l&#8217;efficacit\u00e9 op\u00e9rationnelle et la rentabilit\u00e9. Nous proposons des solutions personnalis\u00e9es adapt\u00e9es \u00e0 vos besoins.<\/strong><\/p><\/div>\n\n\n\n<div class=\"wp-block-uagb-icon-list uagb-block-0902cf02\"><div class=\"uagb-icon-list__wrap\">\n<div class=\"wp-block-uagb-icon-list-child uagb-block-9ebe25a6\"><span class=\"uagb-icon-list__source-wrap\"><svg xmlns=\"https:\/\/www.w3.org\/2000\/svg\" viewBox=\"0 0 256 512\"><path d=\"M118.6 105.4l128 127.1C252.9 239.6 256 247.8 256 255.1s-3.125 16.38-9.375 22.63l-128 127.1c-9.156 9.156-22.91 11.9-34.88 6.943S64 396.9 64 383.1V128c0-12.94 7.781-24.62 19.75-29.58S109.5 96.23 118.6 105.4z\"><\/path><\/svg><\/span><span class=\"uagb-icon-list__label\">1. Optimisation des Inventaires<\/span><\/div>\n\n\n\n<div class=\"wp-block-uagb-icon-list-child uagb-block-82b75221\"><span class=\"uagb-icon-list__source-wrap\"><svg xmlns=\"https:\/\/www.w3.org\/2000\/svg\" viewBox=\"0 0 256 512\"><path d=\"M118.6 105.4l128 127.1C252.9 239.6 256 247.8 256 255.1s-3.125 16.38-9.375 22.63l-128 127.1c-9.156 9.156-22.91 11.9-34.88 6.943S64 396.9 64 383.1V128c0-12.94 7.781-24.62 19.75-29.58S109.5 96.23 118.6 105.4z\"><\/path><\/svg><\/span><span class=\"uagb-icon-list__label\">2. Programmes de Gestion des Fournisseurs<\/span><\/div>\n\n\n\n<div class=\"wp-block-uagb-icon-list-child uagb-block-9ec22de5\"><span class=\"uagb-icon-list__source-wrap\"><svg xmlns=\"https:\/\/www.w3.org\/2000\/svg\" viewBox=\"0 0 256 512\"><path d=\"M118.6 105.4l128 127.1C252.9 239.6 256 247.8 256 255.1s-3.125 16.38-9.375 22.63l-128 127.1c-9.156 9.156-22.91 11.9-34.88 6.943S64 396.9 64 383.1V128c0-12.94 7.781-24.62 19.75-29.58S109.5 96.23 118.6 105.4z\"><\/path><\/svg><\/span><span class=\"uagb-icon-list__label\">3. Solutions de Pr\u00e9vision de la Demande<\/span><\/div>\n<\/div><\/div>\n<\/div>\n\n\n\n<div class=\"wp-block-uagb-container uagb-block-93de4c77\">\n<div class=\"wp-block-uagb-image alignleft uagb-block-0a3b0cd1 wp-block-uagb-image--layout-default wp-block-uagb-image--effect-static wp-block-uagb-image--align-left\"><figure class=\"wp-block-uagb-image__figure\"><img decoding=\"async\" srcset=\"https:\/\/iramedlogistics.com\/fr\/wp-content\/uploads\/2024\/08\/pexels-photo-3076002.jpeg ,https:\/\/iramedlogistics.com\/fr\/wp-content\/uploads\/2024\/08\/pexels-photo-3076002.jpeg 780w, https:\/\/iramedlogistics.com\/fr\/wp-content\/uploads\/2024\/08\/pexels-photo-3076002.jpeg 360w\" sizes=\"auto, (max-width: 480px) 150px\" src=\"https:\/\/iramedlogistics.com\/fr\/wp-content\/uploads\/2024\/08\/pexels-photo-3076002.jpeg\" alt=\"\" class=\"uag-image-19\" width=\"360\" height=\"350\" title=\"\" loading=\"lazy\" role=\"img\"\/><\/figure><\/div>\n<\/div>\n<\/div><\/div>\n\n\n\n<div class=\"wp-block-uagb-container uagb-block-b3da6d16 alignfull uagb-is-root-container\"><div class=\"uagb-container-inner-blocks-wrap\">\n<div class=\"wp-block-uagb-container uagb-block-6c22f156\">\n<div class=\"wp-block-uagb-advanced-heading uagb-block-2d62a18c\"><div class=\"uagb-heading-text\">03.<\/div><\/div>\n\n\n\n<div class=\"wp-block-uagb-advanced-heading uagb-block-300ab866\"><h2 class=\"uagb-heading-text\"><strong>Installations de Stockage<\/strong><\/h2><\/div>\n<\/div>\n\n\n\n<div class=\"wp-block-uagb-container uagb-block-62327c65\">\n<div class=\"wp-block-uagb-advanced-heading uagb-block-cd581b9a\"><p class=\"uagb-desc-text\"><strong>Nos Installations de Stockage r\u00e9pondent \u00e0 des besoins vari\u00e9s de stockage avec des mesures de s\u00e9curit\u00e9 de premier ordre et des espaces climatis\u00e9s. Votre inventaire est en s\u00e9curit\u00e9 chez nous.<\/strong><\/p><\/div>\n\n\n\n<div class=\"wp-block-uagb-icon-list uagb-block-fda1caa0\"><div class=\"uagb-icon-list__wrap\">\n<div class=\"wp-block-uagb-icon-list-child uagb-block-b3188e60\"><span class=\"uagb-icon-list__source-wrap\"><svg xmlns=\"https:\/\/www.w3.org\/2000\/svg\" viewBox=\"0 0 256 512\"><path d=\"M118.6 105.4l128 127.1C252.9 239.6 256 247.8 256 255.1s-3.125 16.38-9.375 22.63l-128 127.1c-9.156 9.156-22.91 11.9-34.88 6.943S64 396.9 64 383.1V128c0-12.94 7.781-24.62 19.75-29.58S109.5 96.23 118.6 105.4z\"><\/path><\/svg><\/span><span class=\"uagb-icon-list__label\">1. Solutions d&#8217;Entrep\u00f4t<\/span><\/div>\n\n\n\n<div class=\"wp-block-uagb-icon-list-child uagb-block-7d1f73aa\"><span class=\"uagb-icon-list__source-wrap\"><svg xmlns=\"https:\/\/www.w3.org\/2000\/svg\" viewBox=\"0 0 256 512\"><path d=\"M118.6 105.4l128 127.1C252.9 239.6 256 247.8 256 255.1s-3.125 16.38-9.375 22.63l-128 127.1c-9.156 9.156-22.91 11.9-34.88 6.943S64 396.9 64 383.1V128c0-12.94 7.781-24.62 19.75-29.58S109.5 96.23 118.6 105.4z\"><\/path><\/svg><\/span><span class=\"uagb-icon-list__label\">2. Syst\u00e8me de Suivi des Inventaires<\/span><\/div>\n\n\n\n<div class=\"wp-block-uagb-icon-list-child uagb-block-f7651f7b\"><span class=\"uagb-icon-list__source-wrap\"><svg xmlns=\"https:\/\/www.w3.org\/2000\/svg\" viewBox=\"0 0 256 512\"><path d=\"M118.6 105.4l128 127.1C252.9 239.6 256 247.8 256 255.1s-3.125 16.38-9.375 22.63l-128 127.1c-9.156 9.156-22.91 11.9-34.88 6.943S64 396.9 64 383.1V128c0-12.94 7.781-24.62 19.75-29.58S109.5 96.23 118.6 105.4z\"><\/path><\/svg><\/span><span class=\"uagb-icon-list__label\">3. Services de Pr\u00e9paration de Commandes<\/span><\/div>\n<\/div><\/div>\n<\/div>\n\n\n\n<div class=\"wp-block-uagb-container uagb-block-fd4eb18b\">\n<div class=\"wp-block-uagb-image alignleft uagb-block-a9c5d409 wp-block-uagb-image--layout-default wp-block-uagb-image--effect-static wp-block-uagb-image--align-left\"><figure class=\"wp-block-uagb-image__figure\"><img decoding=\"async\" srcset=\"https:\/\/iramedlogistics.com\/fr\/wp-content\/uploads\/2024\/08\/pexels-photo-4940273.jpeg ,https:\/\/iramedlogistics.com\/fr\/wp-content\/uploads\/2024\/08\/pexels-photo-4940273.jpeg 780w, https:\/\/iramedlogistics.com\/fr\/wp-content\/uploads\/2024\/08\/pexels-photo-4940273.jpeg 360w\" sizes=\"auto, (max-width: 480px) 150px\" src=\"https:\/\/iramedlogistics.com\/fr\/wp-content\/uploads\/2024\/08\/pexels-photo-4940273.jpeg\" alt=\"\" class=\"uag-image-20\" width=\"360\" height=\"350\" title=\"\" loading=\"lazy\" role=\"img\"\/><\/figure><\/div>\n<\/div>\n<\/div><\/div>\n\n\n\n<div class=\"wp-block-uagb-container uagb-block-b58ce995 alignfull uagb-is-root-container\"><div class=\"uagb-container-inner-blocks-wrap\">\n<div class=\"wp-block-uagb-container uagb-block-4853c35e\">\n<div class=\"wp-block-uagb-advanced-heading uagb-block-d00de326\"><div class=\"uagb-heading-text\">04.<\/div><\/div>\n\n\n\n<div class=\"wp-block-uagb-advanced-heading uagb-block-8c2b6389\"><h2 class=\"uagb-heading-text\"><strong>Solutions Logistiques Personnalis\u00e9es<\/strong><\/h2><\/div>\n<\/div>\n\n\n\n<div class=\"wp-block-uagb-container uagb-block-a4cea4e4\">\n<div class=\"wp-block-uagb-advanced-heading uagb-block-50aec271\"><p class=\"uagb-desc-text\">Nos Solutions Logistiques Personnalis\u00e9es sont con\u00e7ues pour r\u00e9pondre aux exigences uniques de nos clients. Nous travaillons en \u00e9troite collaboration avec vous pour d\u00e9velopper des strat\u00e9gies sur mesure pour vos besoins logistiques.<\/p><\/div>\n\n\n\n<div class=\"wp-block-uagb-icon-list uagb-block-b39c7ae2\"><div class=\"uagb-icon-list__wrap\">\n<div class=\"wp-block-uagb-icon-list-child uagb-block-466f1082\"><span class=\"uagb-icon-list__source-wrap\"><svg xmlns=\"https:\/\/www.w3.org\/2000\/svg\" viewBox=\"0 0 256 512\"><path d=\"M118.6 105.4l128 127.1C252.9 239.6 256 247.8 256 255.1s-3.125 16.38-9.375 22.63l-128 127.1c-9.156 9.156-22.91 11.9-34.88 6.943S64 396.9 64 383.1V128c0-12.94 7.781-24.62 19.75-29.58S109.5 96.23 118.6 105.4z\"><\/path><\/svg><\/span><span class=\"uagb-icon-list__label\">1. Gestion de Fret de Projet<\/span><\/div>\n\n\n\n<div class=\"wp-block-uagb-icon-list-child uagb-block-b337dc38\"><span class=\"uagb-icon-list__source-wrap\"><svg xmlns=\"https:\/\/www.w3.org\/2000\/svg\" viewBox=\"0 0 256 512\"><path d=\"M118.6 105.4l128 127.1C252.9 239.6 256 247.8 256 255.1s-3.125 16.38-9.375 22.63l-128 127.1c-9.156 9.156-22.91 11.9-34.88 6.943S64 396.9 64 383.1V128c0-12.94 7.781-24.62 19.75-29.58S109.5 96.23 118.6 105.4z\"><\/path><\/svg><\/span><span class=\"uagb-icon-list__label\">2. Services de Logistique Transfrontali\u00e8re<\/span><\/div>\n\n\n\n<div class=\"wp-block-uagb-icon-list-child uagb-block-12ececd8\"><span class=\"uagb-icon-list__source-wrap\"><svg xmlns=\"https:\/\/www.w3.org\/2000\/svg\" viewBox=\"0 0 256 512\"><path d=\"M118.6 105.4l128 127.1C252.9 239.6 256 247.8 256 255.1s-3.125 16.38-9.375 22.63l-128 127.1c-9.156 9.156-22.91 11.9-34.88 6.943S64 396.9 64 383.1V128c0-12.94 7.781-24.62 19.75-29.58S109.5 96.23 118.6 105.4z\"><\/path><\/svg><\/span><span class=\"uagb-icon-list__label\">3. Solutions de Logistique Inverse<\/span><\/div>\n<\/div><\/div>\n<\/div>\n\n\n\n<div class=\"wp-block-uagb-container uagb-block-1693df27\">\n<div class=\"wp-block-uagb-image alignleft uagb-block-b986cf24 wp-block-uagb-image--layout-default wp-block-uagb-image--effect-static wp-block-uagb-image--align-left\"><figure class=\"wp-block-uagb-image__figure\"><img decoding=\"async\" srcset=\"https:\/\/iramedlogistics.com\/fr\/wp-content\/uploads\/2024\/08\/pexels-photo-753331.jpeg ,https:\/\/iramedlogistics.com\/fr\/wp-content\/uploads\/2024\/08\/pexels-photo-753331.jpeg 780w, https:\/\/iramedlogistics.com\/fr\/wp-content\/uploads\/2024\/08\/pexels-photo-753331.jpeg 360w\" sizes=\"auto, (max-width: 480px) 150px\" src=\"https:\/\/iramedlogistics.com\/fr\/wp-content\/uploads\/2024\/08\/pexels-photo-753331.jpeg\" alt=\"\" class=\"uag-image-21\" width=\"360\" height=\"350\" title=\"\" loading=\"lazy\" role=\"img\"\/><\/figure><\/div>\n<\/div>\n<\/div><\/div>\n\n\n\n<div class=\"wp-block-uagb-container uagb-block-9caa1a47 alignfull uagb-is-root-container\"><div class=\"uagb-container-inner-blocks-wrap\">\n<div class=\"wp-block-uagb-advanced-heading uagb-block-1ed0e64e\"><div class=\"uagb-heading-text\"><strong>Transformez Votre Logistique<\/strong><\/div><\/div>\n\n\n\n<div class=\"wp-block-uagb-advanced-heading uagb-block-3a57683f\"><h2 class=\"uagb-heading-text\"><strong>Am\u00e9liorez Votre Logistique avec IRAMED D\u00c8S AUJOURD&#8217;HUI<\/strong><\/h2><\/div>\n\n\n\n<div class=\"wp-block-uagb-buttons uagb-buttons__outer-wrap uagb-btn__default-btn uagb-btn-tablet__default-btn uagb-btn-mobile__default-btn uagb-block-9979be0d\"><div class=\"uagb-buttons__wrap uagb-buttons-layout-wrap \">\n<div class=\"wp-block-uagb-buttons-child uagb-buttons__outer-wrap uagb-block-84fd34e5 wp-block-button\"><div class=\"uagb-button__wrapper\"><a class=\"uagb-buttons-repeater wp-block-button__link\" aria-label=\"\" href=\"\/contact\/\" rel=\"follow noopener\" target=\"_self\" role=\"button\"><div class=\"uagb-button__link\">Explorez Maintenant<\/div><\/a><\/div><\/div>\n<\/div><\/div>\n\n\n\n<div class=\"wp-block-uagb-advanced-heading uagb-block-838a0a13\"><div class=\"uagb-separator\"><\/div><h3 class=\"uagb-heading-text\"><strong>Consultation Gratuite ? +212-663-271-426<\/strong><\/h3><\/div>\n<\/div><\/div>\n","protected":false},"excerpt":{"rendered":"<p>Solutions Logistiques Int\u00e9gr\u00e9es 01. Transport Services Nos Services de Transport offrent des solutions efficaces et fiables pour le transport de [&hellip;]<\/p>\n","protected":false},"author":1,"featured_media":0,"parent":0,"menu_order":0,"comment_status":"closed","ping_status":"closed","template":"","meta":{"_siteseo_robots_primary_cat":"","_uag_custom_page_level_css":"","site-sidebar-layout":"no-sidebar","site-content-layout":"plain-container","ast-site-content-layout":"full-width-container","site-content-style":"unboxed","site-sidebar-style":"unboxed","ast-global-header-display":"","ast-banner-title-visibility":"","ast-main-header-display":"","ast-hfb-above-header-display":"","ast-hfb-below-header-display":"","ast-hfb-mobile-header-display":"","site-post-title":"disabled","ast-breadcrumbs-content":"","ast-featured-img":"","footer-sml-layout":"","theme-transparent-header-meta":"","adv-header-id-meta":"","stick-header-meta":"","header-above-stick-meta":"","header-main-stick-meta":"","header-below-stick-meta":"","astra-migrate-meta-layouts":"set","ast-page-background-enabled":"default","ast-page-background-meta":{"desktop":{"background-color":"var(--ast-global-color-4)","background-image":"","background-repeat":"repeat","background-position":"center center","background-size":"auto","background-attachment":"scroll","background-type":"","background-media":"","overlay-type":"","overlay-color":"","overlay-opacity":"","overlay-gradient":""},"tablet":{"background-color":"","background-image":"","background-repeat":"repeat","background-position":"center center","background-size":"auto","background-attachment":"scroll","background-type":"","background-media":"","overlay-type":"","overlay-color":"","overlay-opacity":"","overlay-gradient":""},"mobile":{"background-color":"","background-image":"","background-repeat":"repeat","background-position":"center center","background-size":"auto","background-attachment":"scroll","background-type":"","background-media":"","overlay-type":"","overlay-color":"","overlay-opacity":"","overlay-gradient":""}},"ast-content-background-meta":{"desktop":{"background-color":"var(--ast-global-color-5)","background-image":"","background-repeat":"repeat","background-position":"center center","background-size":"auto","background-attachment":"scroll","background-type":"","background-media":"","overlay-type":"","overlay-color":"","overlay-opacity":"","overlay-gradient":""},"tablet":{"background-color":"var(--ast-global-color-5)","background-image":"","background-repeat":"repeat","background-position":"center center","background-size":"auto","background-attachment":"scroll","background-type":"","background-media":"","overlay-type":"","overlay-color":"","overlay-opacity":"","overlay-gradient":""},"mobile":{"background-color":"var(--ast-global-color-5)","background-image":"","background-repeat":"repeat","background-position":"center center","background-size":"auto","background-attachment":"scroll","background-type":"","background-media":"","overlay-type":"","overlay-color":"","overlay-opacity":"","overlay-gradient":""}},"footnotes":""},"class_list":["post-1402","page","type-page","status-publish","hentry"],"uagb_featured_image_src":{"full":false,"thumbnail":false,"medium":false,"medium_large":false,"large":false,"1536x1536":false,"2048x2048":false},"uagb_author_info":{"display_name":"iramedwp","author_link":"https:\/\/iramedlogistics.com\/fr\/author\/iramedwp\/"},"uagb_comment_info":0,"uagb_excerpt":"Solutions Logistiques Int\u00e9gr\u00e9es 01. Transport Services Nos Services de Transport offrent des solutions efficaces et fiables pour le transport de [&hellip;]","_links":{"self":[{"href":"https:\/\/iramedlogistics.com\/fr\/wp-json\/wp\/v2\/pages\/1402","targetHints":{"allow":["GET"]}}],"collection":[{"href":"https:\/\/iramedlogistics.com\/fr\/wp-json\/wp\/v2\/pages"}],"about":[{"href":"https:\/\/iramedlogistics.com\/fr\/wp-json\/wp\/v2\/types\/page"}],"author":[{"embeddable":true,"href":"https:\/\/iramedlogistics.com\/fr\/wp-json\/wp\/v2\/users\/1"}],"replies":[{"embeddable":true,"href":"https:\/\/iramedlogistics.com\/fr\/wp-json\/wp\/v2\/comments?post=1402"}],"version-history":[{"count":3,"href":"https:\/\/iramedlogistics.com\/fr\/wp-json\/wp\/v2\/pages\/1402\/revisions"}],"predecessor-version":[{"id":1490,"href":"https:\/\/iramedlogistics.com\/fr\/wp-json\/wp\/v2\/pages\/1402\/revisions\/1490"}],"wp:attachment":[{"href":"https:\/\/iramedlogistics.com\/fr\/wp-json\/wp\/v2\/media?parent=1402"}],"curies":[{"name":"wp","href":"https:\/\/api.w.org\/{rel}","templated":true}]}}